{"id":1342,"date":"2023-08-16T21:15:07","date_gmt":"2023-08-16T19:15:07","guid":{"rendered":"http:\/\/eijhhio.cluster028.hosting.ovh.net\/?page_id=1342"},"modified":"2023-09-18T09:54:40","modified_gmt":"2023-09-18T07:54:40","slug":"contact","status":"publish","type":"page","link":"https:\/\/mobradlogiciel.fr\/index.php\/contact\/","title":{"rendered":"Contact"},"content":{"rendered":"\t\t<div data-elementor-type=\"wp-page\" data-elementor-id=\"1342\" class=\"elementor elementor-1342\" data-elementor-post-type=\"page\">\n\t\t\t\t\t\t<section class=\"elementor-section elementor-top-section elementor-element elementor-element-09c8865 elementor-section-full_width elementor-section-stretched elementor-section-height-default elementor-section-height-default\" data-id=\"09c8865\" data-element_type=\"section\" data-e-type=\"section\" data-settings=\"{&quot;stretch_section&quot;:&quot;section-stretched&quot;}\">\n\t\t\t\t\t\t<div class=\"elementor-container elementor-column-gap-default\">\n\t\t\t\t\t<div class=\"elementor-column elementor-col-100 elementor-top-column elementor-element elementor-element-98503b1\" data-id=\"98503b1\" data-element_type=\"column\" data-e-type=\"column\">\n\t\t\t<div class=\"elementor-widget-wrap elementor-element-populated\">\n\t\t\t\t\t\t<div class=\"elementor-element elementor-element-3fc54b7 elementor-hidden-mobile elementor-widget elementor-widget-spacer\" data-id=\"3fc54b7\" data-element_type=\"widget\" data-e-type=\"widget\" data-widget_type=\"spacer.default\">\n\t\t\t\t<div class=\"elementor-widget-container\">\n\t\t\t\t\t\t\t<div class=\"elementor-spacer\">\n\t\t\t<div class=\"elementor-spacer-inner\"><\/div>\n\t\t<\/div>\n\t\t\t\t\t\t<\/div>\n\t\t\t\t<\/div>\n\t\t\t\t<div class=\"elementor-element elementor-element-b9a55e5 elementor-widget__width-inherit elementor-widget elementor-widget-heading\" data-id=\"b9a55e5\" data-element_type=\"widget\" data-e-type=\"widget\" data-widget_type=\"heading.default\">\n\t\t\t\t<div class=\"elementor-widget-container\">\n\t\t\t\t\t<h1 class=\"elementor-heading-title elementor-size-default\">Formulaire de contact<\/h1>\t\t\t\t<\/div>\n\t\t\t\t<\/div>\n\t\t\t\t\t<\/div>\n\t\t<\/div>\n\t\t\t\t\t<\/div>\n\t\t<\/section>\n\t\t\t\t<section class=\"elementor-section elementor-top-section elementor-element elementor-element-0debc71 elementor-section-boxed elementor-section-height-default elementor-section-height-default\" data-id=\"0debc71\" data-element_type=\"section\" data-e-type=\"section\">\n\t\t\t\t\t\t<div class=\"elementor-container elementor-column-gap-default\">\n\t\t\t\t\t<div class=\"elementor-column elementor-col-100 elementor-top-column elementor-element elementor-element-8bacb2f\" data-id=\"8bacb2f\" data-element_type=\"column\" data-e-type=\"column\">\n\t\t\t<div class=\"elementor-widget-wrap elementor-element-populated\">\n\t\t\t\t\t\t<div class=\"elementor-element elementor-element-bcd6bcd elementor-widget__width-inherit elementor-widget-divider--view-line elementor-widget elementor-widget-divider\" data-id=\"bcd6bcd\" data-element_type=\"widget\" data-e-type=\"widget\" data-widget_type=\"divider.default\">\n\t\t\t\t<div class=\"elementor-widget-container\">\n\t\t\t\t\t\t\t<div class=\"elementor-divider\">\n\t\t\t<span class=\"elementor-divider-separator\">\n\t\t\t\t\t\t<\/span>\n\t\t<\/div>\n\t\t\t\t\t\t<\/div>\n\t\t\t\t<\/div>\n\t\t\t\t<div class=\"elementor-element elementor-element-a15efea elementor-widget elementor-widget-spacer\" data-id=\"a15efea\" data-element_type=\"widget\" data-e-type=\"widget\" data-widget_type=\"spacer.default\">\n\t\t\t\t<div class=\"elementor-widget-container\">\n\t\t\t\t\t\t\t<div class=\"elementor-spacer\">\n\t\t\t<div class=\"elementor-spacer-inner\"><\/div>\n\t\t<\/div>\n\t\t\t\t\t\t<\/div>\n\t\t\t\t<\/div>\n\t\t\t\t\t<\/div>\n\t\t<\/div>\n\t\t\t\t\t<\/div>\n\t\t<\/section>\n\t\t\t\t<section class=\"elementor-section elementor-top-section elementor-element elementor-element-e5dbbec elementor-section-content-middle elementor-section-boxed elementor-section-height-default elementor-section-height-default\" data-id=\"e5dbbec\" data-element_type=\"section\" data-e-type=\"section\" data-settings=\"{&quot;background_background&quot;:&quot;classic&quot;}\">\n\t\t\t\t\t\t<div class=\"elementor-container elementor-column-gap-default\">\n\t\t\t\t\t<div class=\"elementor-column elementor-col-100 elementor-top-column elementor-element elementor-element-4bf1f94\" data-id=\"4bf1f94\" data-element_type=\"column\" data-e-type=\"column\" data-settings=\"{&quot;background_background&quot;:&quot;classic&quot;}\">\n\t\t\t<div class=\"elementor-widget-wrap elementor-element-populated\">\n\t\t\t\t\t\t<div class=\"elementor-element elementor-element-682284b elementor-button-align-center elementor-widget__width-auto elementor-widget elementor-widget-form\" data-id=\"682284b\" data-element_type=\"widget\" data-e-type=\"widget\" data-settings=\"{&quot;button_width&quot;:&quot;20&quot;,&quot;step_next_label&quot;:&quot;Suivant&quot;,&quot;step_previous_label&quot;:&quot;Pr\\u00e9c\\u00e9dent&quot;,&quot;step_type&quot;:&quot;number_text&quot;,&quot;step_icon_shape&quot;:&quot;circle&quot;}\" data-widget_type=\"form.default\">\n\t\t\t\t<div class=\"elementor-widget-container\">\n\t\t\t\t\t\t\t<form class=\"elementor-form\" method=\"post\" name=\"Formulaire de contact\">\n\t\t\t<input type=\"hidden\" name=\"post_id\" value=\"1342\"\/>\n\t\t\t<input type=\"hidden\" name=\"form_id\" value=\"682284b\"\/>\n\t\t\t<input type=\"hidden\" name=\"referer_title\" value=\"Contact - mobradlogiciel.fr\" \/>\n\n\t\t\t\t\t\t\t<input type=\"hidden\" name=\"queried_id\" value=\"1342\"\/>\n\t\t\t\n\t\t\t<div class=\"elementor-form-fields-wrapper elementor-labels-above\">\n\t\t\t\t\t\t\t\t<div class=\"elementor-field-type-radio elementor-field-group elementor-column elementor-field-group-field_e214fd6 elementor-col-70 elementor-field-required elementor-mark-required\">\n\t\t\t\t\t\t\t\t\t\t\t\t<label for=\"form-field-field_e214fd6\" class=\"elementor-field-label\">\n\t\t\t\t\t\t\t\tIndiquez votre civilit\u00e9\t\t\t\t\t\t\t<\/label>\n\t\t\t\t\t\t<div class=\"elementor-field-subgroup  elementor-subgroup-inline\"><span class=\"elementor-field-option\"><input type=\"radio\" value=\"Monsieur\" id=\"form-field-field_e214fd6-0\" name=\"form_fields[field_e214fd6]\" required=\"required\"> <label for=\"form-field-field_e214fd6-0\">Monsieur<\/label><\/span><span class=\"elementor-field-option\"><input type=\"radio\" value=\"Madame\" id=\"form-field-field_e214fd6-1\" name=\"form_fields[field_e214fd6]\" required=\"required\"> <label for=\"form-field-field_e214fd6-1\">Madame<\/label><\/span><\/div>\t\t\t\t<\/div>\n\t\t\t\t\t\t\t\t<div class=\"elementor-field-type-textarea elementor-field-group elementor-column elementor-field-group-field_9c514e0 elementor-col-70 elementor-field-required elementor-mark-required\">\n\t\t\t\t\t\t\t\t\t\t\t\t<label for=\"form-field-field_9c514e0\" class=\"elementor-field-label\">\n\t\t\t\t\t\t\t\tNom de votre entreprise\t\t\t\t\t\t\t<\/label>\n\t\t\t\t\t\t<textarea class=\"elementor-field-textual elementor-field  elementor-size-sm\" name=\"form_fields[field_9c514e0]\" id=\"form-field-field_9c514e0\" rows=\"1\" placeholder=\"Nom de votre entreprise\" required=\"required\"><\/textarea>\t\t\t\t<\/div>\n\t\t\t\t\t\t\t\t<div class=\"elementor-field-type-textarea elementor-field-group elementor-column elementor-field-group-field_c4424f2 elementor-col-70 elementor-field-required elementor-mark-required\">\n\t\t\t\t\t\t\t\t\t\t\t\t<label for=\"form-field-field_c4424f2\" class=\"elementor-field-label\">\n\t\t\t\t\t\t\t\tVotre nom et pr\u00e9nom\t\t\t\t\t\t\t<\/label>\n\t\t\t\t\t\t<textarea class=\"elementor-field-textual elementor-field  elementor-size-sm\" name=\"form_fields[field_c4424f2]\" id=\"form-field-field_c4424f2\" rows=\"1\" placeholder=\"Votre nom et pr\u00e9nom\" required=\"required\"><\/textarea>\t\t\t\t<\/div>\n\t\t\t\t\t\t\t\t<div class=\"elementor-field-type-tel elementor-field-group elementor-column elementor-field-group-field_582f8f9 elementor-col-70 elementor-field-required elementor-mark-required\">\n\t\t\t\t\t\t\t\t\t\t\t\t<label for=\"form-field-field_582f8f9\" class=\"elementor-field-label\">\n\t\t\t\t\t\t\t\tVotre num\u00e9ro de t\u00e9l\u00e9phone\t\t\t\t\t\t\t<\/label>\n\t\t\t\t\t\t\t\t<input size=\"1\" type=\"tel\" name=\"form_fields[field_582f8f9]\" id=\"form-field-field_582f8f9\" class=\"elementor-field elementor-size-sm  elementor-field-textual\" placeholder=\"Votre num\u00e9ro de t\u00e9l\u00e9phone\" required=\"required\" pattern=\"[0-9()#&amp;+*-=.]+\" title=\"Seuls les caract\u00e8res de num\u00e9ros de t\u00e9l\u00e9phone (#, -, *, etc.) sont accept\u00e9s.\">\n\n\t\t\t\t\t\t<\/div>\n\t\t\t\t\t\t\t\t<div class=\"elementor-field-type-email elementor-field-group elementor-column elementor-field-group-field_382172c elementor-col-70 elementor-field-required elementor-mark-required\">\n\t\t\t\t\t\t\t\t\t\t\t\t<label for=\"form-field-field_382172c\" class=\"elementor-field-label\">\n\t\t\t\t\t\t\t\tVotre adresse email\t\t\t\t\t\t\t<\/label>\n\t\t\t\t\t\t\t\t\t\t\t\t\t\t<input size=\"1\" type=\"email\" name=\"form_fields[field_382172c]\" id=\"form-field-field_382172c\" class=\"elementor-field elementor-size-sm  elementor-field-textual\" placeholder=\"Votre adresse email\" required=\"required\">\n\t\t\t\t\t\t\t\t\t\t\t<\/div>\n\t\t\t\t\t\t\t\t<div class=\"elementor-field-type-textarea elementor-field-group elementor-column elementor-field-group-message elementor-col-100 elementor-field-required elementor-mark-required\">\n\t\t\t\t\t\t\t\t\t\t\t\t<label for=\"form-field-message\" class=\"elementor-field-label\">\n\t\t\t\t\t\t\t\tVotre message\t\t\t\t\t\t\t<\/label>\n\t\t\t\t\t\t<textarea class=\"elementor-field-textual elementor-field  elementor-size-sm\" name=\"form_fields[message]\" id=\"form-field-message\" rows=\"4\" placeholder=\"Votre message\" required=\"required\"><\/textarea>\t\t\t\t<\/div>\n\t\t\t\t\t\t\t\t<div class=\"elementor-field-type-checkbox elementor-field-group elementor-column elementor-field-group-field_fdb7640 elementor-col-100\">\n\t\t\t\t\t<div class=\"elementor-field-subgroup  elementor-subgroup-inline\"><span class=\"elementor-field-option\"><input type=\"checkbox\" value=\"En cliquant sur &quot;continuer&quot;,  j&#039;accepte les conditions g\u00e9n\u00e9rales d&#039;utilisations, la politique de confidentialit\u00e9 de mobradlogiciel.fr et j&#039;accepte que mes informations soient utilis\u00e9es pour de la prospection commerciale.\" id=\"form-field-field_fdb7640-0\" name=\"form_fields[field_fdb7640]\"> <label for=\"form-field-field_fdb7640-0\">En cliquant sur \"continuer\",  j'accepte les conditions g\u00e9n\u00e9rales d'utilisations, la politique de confidentialit\u00e9 de mobradlogiciel.fr et j'accepte que mes informations soient utilis\u00e9es pour de la prospection commerciale.<\/label><\/span><\/div>\t\t\t\t<\/div>\n\t\t\t\t\t\t\t\t<div class=\"elementor-field-group elementor-column elementor-field-type-submit elementor-col-20 e-form__buttons\">\n\t\t\t\t\t<button class=\"elementor-button elementor-size-sm\" type=\"submit\" id=\"contact-btn\">\n\t\t\t\t\t\t<span class=\"elementor-button-content-wrapper\">\n\t\t\t\t\t\t\t\t\t\t\t\t\t\t\t\t\t\t\t\t\t\t<span class=\"elementor-button-text\">Continuer<\/span>\n\t\t\t\t\t\t\t\t\t\t\t\t\t<\/span>\n\t\t\t\t\t<\/button>\n\t\t\t\t<\/div>\n\t\t\t<\/div>\n\t\t<\/form>\n\t\t\t\t\t\t<\/div>\n\t\t\t\t<\/div>\n\t\t\t\t<div class=\"elementor-element elementor-element-22704a7 elementor-widget elementor-widget-text-editor\" data-id=\"22704a7\" data-element_type=\"widget\" data-e-type=\"widget\" data-widget_type=\"text-editor.default\">\n\t\t\t\t<div class=\"elementor-widget-container\">\n\t\t\t\t\t\t\t\t\t<p><span style=\"color: #e34949;\">*<\/span> Champs obligatoires\u00a0<\/p><p>Les informations recueillies sont trait\u00e9es par mobradlogiciel.fr, responsable de traitement, la gestion de la mise en relation entre professionnel et le consommateur la gestion des demandes de contact avec notre soci\u00e9t\u00e9. Vous b\u00e9n\u00e9ficiez d&rsquo;un droit d&rsquo;acc\u00e8s, de rectification, de limitation, de portabilit\u00e9, d&rsquo;effacement et d&rsquo;opposition \u00e0 l&rsquo;utilisation de vos donn\u00e9es personnelles vous concernant ainsi que du droit de formuler des directives concernant la gestion de vos donn\u00e9es post mortem. Pour plus d&rsquo;informations, consultez la <u><a href=\"https:\/\/mobradlogiciel.fr\/index.php\/politique-de-confidentialite\/\">Politique de confidentialit\u00e9<\/a>.<\/u><\/p>\t\t\t\t\t\t\t\t<\/div>\n\t\t\t\t<\/div>\n\t\t\t\t\t<\/div>\n\t\t<\/div>\n\t\t\t\t\t<\/div>\n\t\t<\/section>\n\t\t\t\t<section class=\"elementor-section elementor-top-section elementor-element elementor-element-6480659 elementor-section-boxed elementor-section-height-default elementor-section-height-default\" data-id=\"6480659\" data-element_type=\"section\" data-e-type=\"section\">\n\t\t\t\t\t\t<div class=\"elementor-container elementor-column-gap-default\">\n\t\t\t\t\t<div class=\"elementor-column elementor-col-100 elementor-top-column elementor-element elementor-element-22315d8\" data-id=\"22315d8\" data-element_type=\"column\" data-e-type=\"column\">\n\t\t\t<div class=\"elementor-widget-wrap elementor-element-populated\">\n\t\t\t\t\t\t<div class=\"elementor-element elementor-element-e5d81a2 elementor-widget elementor-widget-spacer\" data-id=\"e5d81a2\" data-element_type=\"widget\" data-e-type=\"widget\" data-widget_type=\"spacer.default\">\n\t\t\t\t<div class=\"elementor-widget-container\">\n\t\t\t\t\t\t\t<div class=\"elementor-spacer\">\n\t\t\t<div class=\"elementor-spacer-inner\"><\/div>\n\t\t<\/div>\n\t\t\t\t\t\t<\/div>\n\t\t\t\t<\/div>\n\t\t\t\t\t<\/div>\n\t\t<\/div>\n\t\t\t\t\t<\/div>\n\t\t<\/section>\n\t\t\t\t<\/div>\n\t\t","protected":false},"excerpt":{"rendered":"<p>Formulaire de contact * Champs obligatoires\u00a0 Les informations recueillies sont trait\u00e9es par mobradlogiciel.fr, responsable de traitement, la gestion de la mise en relation entre professionnel et le consommateur la gestion des demandes de contact avec notre soci\u00e9t\u00e9. Vous b\u00e9n\u00e9ficiez d&rsquo;un droit d&rsquo;acc\u00e8s, de rectification, de limitation, de portabilit\u00e9, d&rsquo;effacement et d&rsquo;opposition \u00e0 l&rsquo;utilisation de vos [&hellip;]<\/p>\n","protected":false},"author":1,"featured_media":0,"parent":0,"menu_order":5,"comment_status":"closed","ping_status":"closed","template":"","meta":{"om_disable_all_campaigns":false,"_uag_custom_page_level_css":"","_uf_show_specific_survey":0,"_uf_disable_surveys":false,"site-sidebar-layout":"no-sidebar","site-content-layout":"page-builder","ast-site-content-layout":"default","site-content-style":"default","site-sidebar-style":"default","ast-global-header-display":"","ast-banner-title-visibility":"","ast-main-header-display":"","ast-hfb-above-header-display":"","ast-hfb-below-header-display":"","ast-hfb-mobile-header-display":"","site-post-title":"disabled","ast-breadcrumbs-content":"","ast-featured-img":"disabled","footer-sml-layout":"","ast-disable-related-posts":"","theme-transparent-header-meta":"","adv-header-id-meta":"","stick-header-meta":"","header-above-stick-meta":"","header-main-stick-meta":"","header-below-stick-meta":"","astra-migrate-meta-layouts":"default","ast-page-background-enabled":"default","ast-page-background-meta":{"desktop":{"background-color":"var(--ast-global-color-4)","background-image":"","background-repeat":"repeat","background-position":"center center","background-size":"auto","background-attachment":"scroll","background-type":"","background-media":"","overlay-type":"","overlay-color":"","overlay-opacity":"","overlay-gradient":""},"tablet":{"background-color":"","background-image":"","background-repeat":"repeat","background-position":"center center","background-size":"auto","background-attachment":"scroll","background-type":"","background-media":"","overlay-type":"","overlay-color":"","overlay-opacity":"","overlay-gradient":""},"mobile":{"background-color":"","background-image":"","background-repeat":"repeat","background-position":"center center","background-size":"auto","background-attachment":"scroll","background-type":"","background-media":"","overlay-type":"","overlay-color":"","overlay-opacity":"","overlay-gradient":""}},"ast-content-background-meta":{"desktop":{"background-color":"var(--ast-global-color-5)","background-image":"","background-repeat":"repeat","background-position":"center center","background-size":"auto","background-attachment":"scroll","background-type":"","background-media":"","overlay-type":"","overlay-color":"","overlay-opacity":"","overlay-gradient":""},"tablet":{"background-color":"var(--ast-global-color-5)","background-image":"","background-repeat":"repeat","background-position":"center center","background-size":"auto","background-attachment":"scroll","background-type":"","background-media":"","overlay-type":"","overlay-color":"","overlay-opacity":"","overlay-gradient":""},"mobile":{"background-color":"var(--ast-global-color-5)","background-image":"","background-repeat":"repeat","background-position":"center center","background-size":"auto","background-attachment":"scroll","background-type":"","background-media":"","overlay-type":"","overlay-color":"","overlay-opacity":"","overlay-gradient":""}},"footnotes":""},"class_list":["post-1342","page","type-page","status-publish","hentry"],"yoast_head":"<!-- This site is optimized with the Yoast SEO plugin v27.4 - https:\/\/yoast.com\/product\/yoast-seo-wordpress\/ -->\n<title>Contact - mobradlogiciel.fr<\/title>\n<meta name=\"robots\" content=\"index, follow, max-snippet:-1, max-image-preview:large, max-video-preview:-1\" \/>\n<link rel=\"canonical\" href=\"https:\/\/mobradlogiciel.fr\/index.php\/contact\/\" \/>\n<meta property=\"og:locale\" content=\"fr_FR\" \/>\n<meta property=\"og:type\" content=\"article\" \/>\n<meta property=\"og:title\" content=\"Contact - mobradlogiciel.fr\" \/>\n<meta property=\"og:description\" content=\"Formulaire de contact * Champs obligatoires\u00a0 Les informations recueillies sont trait\u00e9es par mobradlogiciel.fr, responsable de traitement, la gestion de la mise en relation entre professionnel et le consommateur la gestion des demandes de contact avec notre soci\u00e9t\u00e9. Vous b\u00e9n\u00e9ficiez d&rsquo;un droit d&rsquo;acc\u00e8s, de rectification, de limitation, de portabilit\u00e9, d&rsquo;effacement et d&rsquo;opposition \u00e0 l&rsquo;utilisation de vos [&hellip;]\" \/>\n<meta property=\"og:url\" content=\"https:\/\/mobradlogiciel.fr\/index.php\/contact\/\" \/>\n<meta property=\"og:site_name\" content=\"mobradlogiciel.fr\" \/>\n<meta property=\"article:modified_time\" content=\"2023-09-18T07:54:40+00:00\" \/>\n<meta name=\"twitter:card\" content=\"summary_large_image\" \/>\n<script type=\"application\/ld+json\" class=\"yoast-schema-graph\">{\"@context\":\"https:\\\/\\\/schema.org\",\"@graph\":[{\"@type\":\"WebPage\",\"@id\":\"https:\\\/\\\/mobradlogiciel.fr\\\/index.php\\\/contact\\\/\",\"url\":\"https:\\\/\\\/mobradlogiciel.fr\\\/index.php\\\/contact\\\/\",\"name\":\"Contact - mobradlogiciel.fr\",\"isPartOf\":{\"@id\":\"https:\\\/\\\/mobradlogiciel.fr\\\/#website\"},\"datePublished\":\"2023-08-16T19:15:07+00:00\",\"dateModified\":\"2023-09-18T07:54:40+00:00\",\"breadcrumb\":{\"@id\":\"https:\\\/\\\/mobradlogiciel.fr\\\/index.php\\\/contact\\\/#breadcrumb\"},\"inLanguage\":\"fr-FR\",\"potentialAction\":[{\"@type\":\"ReadAction\",\"target\":[\"https:\\\/\\\/mobradlogiciel.fr\\\/index.php\\\/contact\\\/\"]}]},{\"@type\":\"BreadcrumbList\",\"@id\":\"https:\\\/\\\/mobradlogiciel.fr\\\/index.php\\\/contact\\\/#breadcrumb\",\"itemListElement\":[{\"@type\":\"ListItem\",\"position\":1,\"name\":\"Accueil\",\"item\":\"https:\\\/\\\/mobradlogiciel.fr\\\/\"},{\"@type\":\"ListItem\",\"position\":2,\"name\":\"Contact\"}]},{\"@type\":\"WebSite\",\"@id\":\"https:\\\/\\\/mobradlogiciel.fr\\\/#website\",\"url\":\"https:\\\/\\\/mobradlogiciel.fr\\\/\",\"name\":\"mobradlogiciel.fr\",\"description\":\"Le choix du meilleur pro!\",\"publisher\":{\"@id\":\"https:\\\/\\\/mobradlogiciel.fr\\\/#organization\"},\"potentialAction\":[{\"@type\":\"SearchAction\",\"target\":{\"@type\":\"EntryPoint\",\"urlTemplate\":\"https:\\\/\\\/mobradlogiciel.fr\\\/?s={search_term_string}\"},\"query-input\":{\"@type\":\"PropertyValueSpecification\",\"valueRequired\":true,\"valueName\":\"search_term_string\"}}],\"inLanguage\":\"fr-FR\"},{\"@type\":\"Organization\",\"@id\":\"https:\\\/\\\/mobradlogiciel.fr\\\/#organization\",\"name\":\"mobradlogiciel.fr\",\"url\":\"https:\\\/\\\/mobradlogiciel.fr\\\/\",\"logo\":{\"@type\":\"ImageObject\",\"inLanguage\":\"fr-FR\",\"@id\":\"https:\\\/\\\/mobradlogiciel.fr\\\/#\\\/schema\\\/logo\\\/image\\\/\",\"url\":\"https:\\\/\\\/mobradlogiciel.fr\\\/wp-content\\\/uploads\\\/2023\\\/08\\\/LOGO-removebg-preview-e1693415471456.png\",\"contentUrl\":\"https:\\\/\\\/mobradlogiciel.fr\\\/wp-content\\\/uploads\\\/2023\\\/08\\\/LOGO-removebg-preview-e1693415471456.png\",\"width\":190,\"height\":220,\"caption\":\"mobradlogiciel.fr\"},\"image\":{\"@id\":\"https:\\\/\\\/mobradlogiciel.fr\\\/#\\\/schema\\\/logo\\\/image\\\/\"}}]}<\/script>\n<!-- \/ Yoast SEO plugin. -->","yoast_head_json":{"title":"Contact - mobradlogiciel.fr","robots":{"index":"index","follow":"follow","max-snippet":"max-snippet:-1","max-image-preview":"max-image-preview:large","max-video-preview":"max-video-preview:-1"},"canonical":"https:\/\/mobradlogiciel.fr\/index.php\/contact\/","og_locale":"fr_FR","og_type":"article","og_title":"Contact - mobradlogiciel.fr","og_description":"Formulaire de contact * Champs obligatoires\u00a0 Les informations recueillies sont trait\u00e9es par mobradlogiciel.fr, responsable de traitement, la gestion de la mise en relation entre professionnel et le consommateur la gestion des demandes de contact avec notre soci\u00e9t\u00e9. Vous b\u00e9n\u00e9ficiez d&rsquo;un droit d&rsquo;acc\u00e8s, de rectification, de limitation, de portabilit\u00e9, d&rsquo;effacement et d&rsquo;opposition \u00e0 l&rsquo;utilisation de vos [&hellip;]","og_url":"https:\/\/mobradlogiciel.fr\/index.php\/contact\/","og_site_name":"mobradlogiciel.fr","article_modified_time":"2023-09-18T07:54:40+00:00","twitter_card":"summary_large_image","schema":{"@context":"https:\/\/schema.org","@graph":[{"@type":"WebPage","@id":"https:\/\/mobradlogiciel.fr\/index.php\/contact\/","url":"https:\/\/mobradlogiciel.fr\/index.php\/contact\/","name":"Contact - mobradlogiciel.fr","isPartOf":{"@id":"https:\/\/mobradlogiciel.fr\/#website"},"datePublished":"2023-08-16T19:15:07+00:00","dateModified":"2023-09-18T07:54:40+00:00","breadcrumb":{"@id":"https:\/\/mobradlogiciel.fr\/index.php\/contact\/#breadcrumb"},"inLanguage":"fr-FR","potentialAction":[{"@type":"ReadAction","target":["https:\/\/mobradlogiciel.fr\/index.php\/contact\/"]}]},{"@type":"BreadcrumbList","@id":"https:\/\/mobradlogiciel.fr\/index.php\/contact\/#breadcrumb","itemListElement":[{"@type":"ListItem","position":1,"name":"Accueil","item":"https:\/\/mobradlogiciel.fr\/"},{"@type":"ListItem","position":2,"name":"Contact"}]},{"@type":"WebSite","@id":"https:\/\/mobradlogiciel.fr\/#website","url":"https:\/\/mobradlogiciel.fr\/","name":"mobradlogiciel.fr","description":"Le choix du meilleur pro!","publisher":{"@id":"https:\/\/mobradlogiciel.fr\/#organization"},"potentialAction":[{"@type":"SearchAction","target":{"@type":"EntryPoint","urlTemplate":"https:\/\/mobradlogiciel.fr\/?s={search_term_string}"},"query-input":{"@type":"PropertyValueSpecification","valueRequired":true,"valueName":"search_term_string"}}],"inLanguage":"fr-FR"},{"@type":"Organization","@id":"https:\/\/mobradlogiciel.fr\/#organization","name":"mobradlogiciel.fr","url":"https:\/\/mobradlogiciel.fr\/","logo":{"@type":"ImageObject","inLanguage":"fr-FR","@id":"https:\/\/mobradlogiciel.fr\/#\/schema\/logo\/image\/","url":"https:\/\/mobradlogiciel.fr\/wp-content\/uploads\/2023\/08\/LOGO-removebg-preview-e1693415471456.png","contentUrl":"https:\/\/mobradlogiciel.fr\/wp-content\/uploads\/2023\/08\/LOGO-removebg-preview-e1693415471456.png","width":190,"height":220,"caption":"mobradlogiciel.fr"},"image":{"@id":"https:\/\/mobradlogiciel.fr\/#\/schema\/logo\/image\/"}}]}},"uagb_featured_image_src":{"full":false,"thumbnail":false,"medium":false,"medium_large":false,"large":false,"1536x1536":false,"2048x2048":false},"uagb_author_info":{"display_name":"Mkou","author_link":"https:\/\/mobradlogiciel.fr\/index.php\/author\/mkou\/"},"uagb_comment_info":0,"uagb_excerpt":"Formulaire de contact * Champs obligatoires\u00a0 Les informations recueillies sont trait\u00e9es par mobradlogiciel.fr, responsable de traitement, la gestion de la mise en relation entre professionnel et le consommateur la gestion des demandes de contact avec notre soci\u00e9t\u00e9. Vous b\u00e9n\u00e9ficiez d&rsquo;un droit d&rsquo;acc\u00e8s, de rectification, de limitation, de portabilit\u00e9, d&rsquo;effacement et d&rsquo;opposition \u00e0 l&rsquo;utilisation de vos\u2026","_links":{"self":[{"href":"https:\/\/mobradlogiciel.fr\/index.php\/wp-json\/wp\/v2\/pages\/1342","targetHints":{"allow":["GET"]}}],"collection":[{"href":"https:\/\/mobradlogiciel.fr\/index.php\/wp-json\/wp\/v2\/pages"}],"about":[{"href":"https:\/\/mobradlogiciel.fr\/index.php\/wp-json\/wp\/v2\/types\/page"}],"author":[{"embeddable":true,"href":"https:\/\/mobradlogiciel.fr\/index.php\/wp-json\/wp\/v2\/users\/1"}],"replies":[{"embeddable":true,"href":"https:\/\/mobradlogiciel.fr\/index.php\/wp-json\/wp\/v2\/comments?post=1342"}],"version-history":[{"count":94,"href":"https:\/\/mobradlogiciel.fr\/index.php\/wp-json\/wp\/v2\/pages\/1342\/revisions"}],"predecessor-version":[{"id":3059,"href":"https:\/\/mobradlogiciel.fr\/index.php\/wp-json\/wp\/v2\/pages\/1342\/revisions\/3059"}],"wp:attachment":[{"href":"https:\/\/mobradlogiciel.fr\/index.php\/wp-json\/wp\/v2\/media?parent=1342"}],"curies":[{"name":"wp","href":"https:\/\/api.w.org\/{rel}","templated":true}]}}