{"id":2807,"date":"2023-09-13T14:16:21","date_gmt":"2023-09-13T12:16:21","guid":{"rendered":"http:\/\/eijhhio.cluster028.hosting.ovh.net\/?page_id=2807"},"modified":"2023-09-15T12:12:10","modified_gmt":"2023-09-15T10:12:10","slug":"mentions-legales","status":"publish","type":"page","link":"https:\/\/mobradlogiciel.fr\/index.php\/mentions-legales\/","title":{"rendered":"Mentions l\u00e9gales"},"content":{"rendered":"\t\t<div data-elementor-type=\"wp-page\" data-elementor-id=\"2807\" class=\"elementor elementor-2807\" data-elementor-post-type=\"page\">\n\t\t\t\t<div class=\"elementor-element elementor-element-8f77f2a e-flex e-con-boxed e-con e-parent\" data-id=\"8f77f2a\" data-element_type=\"container\" data-e-type=\"container\">\n\t\t\t\t\t<div class=\"e-con-inner\">\n\t\t\t\t<div class=\"elementor-element elementor-element-e24eba2 elementor-widget elementor-widget-spacer\" data-id=\"e24eba2\" data-element_type=\"widget\" data-e-type=\"widget\" data-widget_type=\"spacer.default\">\n\t\t\t\t<div class=\"elementor-widget-container\">\n\t\t\t\t\t\t\t<div class=\"elementor-spacer\">\n\t\t\t<div class=\"elementor-spacer-inner\"><\/div>\n\t\t<\/div>\n\t\t\t\t\t\t<\/div>\n\t\t\t\t<\/div>\n\t\t\t\t<div class=\"elementor-element elementor-element-20202e4 elementor-widget__width-auto elementor-widget elementor-widget-heading\" data-id=\"20202e4\" data-element_type=\"widget\" data-e-type=\"widget\" data-widget_type=\"heading.default\">\n\t\t\t\t<div class=\"elementor-widget-container\">\n\t\t\t\t\t<h2 class=\"elementor-heading-title elementor-size-default\">Mentions l\u00e9gales<\/h2>\t\t\t\t<\/div>\n\t\t\t\t<\/div>\n\t\t\t\t<div class=\"elementor-element elementor-element-6998169 elementor-widget-divider--view-line elementor-widget elementor-widget-divider\" data-id=\"6998169\" data-element_type=\"widget\" data-e-type=\"widget\" data-widget_type=\"divider.default\">\n\t\t\t\t<div class=\"elementor-widget-container\">\n\t\t\t\t\t\t\t<div class=\"elementor-divider\">\n\t\t\t<span class=\"elementor-divider-separator\">\n\t\t\t\t\t\t<\/span>\n\t\t<\/div>\n\t\t\t\t\t\t<\/div>\n\t\t\t\t<\/div>\n\t\t\t\t\t<\/div>\n\t\t\t\t<\/div>\n\t\t<div class=\"elementor-element elementor-element-e28f578 e-flex e-con-boxed e-con e-parent\" data-id=\"e28f578\" data-element_type=\"container\" data-e-type=\"container\">\n\t\t\t\t\t<div class=\"e-con-inner\">\n\t\t\t\t<div class=\"elementor-element elementor-element-02457f1 elementor-widget elementor-widget-text-editor\" data-id=\"02457f1\" data-element_type=\"widget\" data-e-type=\"widget\" data-widget_type=\"text-editor.default\">\n\t\t\t\t<div class=\"elementor-widget-container\">\n\t\t\t\t\t\t\t\t\t<p><span style=\"text-decoration: underline;\"><strong>Date<\/strong> <\/span>: Septembre 2023<\/p><p><span style=\"text-decoration: underline;\"><strong>Site<\/strong> <\/span>: <a href=\"https:\/\/mobradlogiciel.fr\/\"><strong><span style=\"color: rgba(205, 43, 49, 0.91);\">www.mobradlogiciel.fr<\/span><\/strong><\/a><\/p><p><span style=\"text-decoration: underline;\"><strong>\u00c9diteur<\/strong><\/span> :<br \/>Entreprise <strong>MOBRAD<\/strong>,<br \/>Monsieur Mohamed KOUSSA<br \/>Entrepreneur individuel<br \/>Adresse : Domaine Vallat<br \/>1480 Avenue Thiers, Bat C<br \/>13320 Bouc-Bel-Air<br \/>RCS Aix-en-Provence n\u00b0 977 742 329<\/p><p>Num\u00e9ro de t\u00e9l\u00e9phone : 06.27.18.08.26<\/p><p>Adresse de courrier \u00e9lectronique : contact@mobradlogiciel.fr<\/p><p><span style=\"text-decoration: underline;\"><strong>Directeur de la publication<\/strong><\/span> : Monsieur Mohamed Koussa<\/p><p><strong><span style=\"text-decoration: underline;\">H\u00e9bergeur<\/span> <\/strong>:<br \/>OVH, 2 rue Kellermann, 59100 Roubaix, France<br \/>Num\u00e9ro RCS OVH : Lille M\u00e9tropole B 424 761 419<\/p><p>Num\u00e9ro de t\u00e9l\u00e9phone : 1007 ou +33 9 72 10 10 07<\/p><p>Adresse de courrier \u00e9lectronique : en direct avec un conseiller LiveChat HP=mmk du lundi au vendredi de 9h00 \u00e0 18h00 ou https:\/\/www.ovhcloud.com\/fr\/contact\/ .<\/p><p>L&rsquo;acc\u00e8s et l&rsquo;utilisation du site Internet de <a href=\"https:\/\/mobradlogiciel.fr\/\"><span style=\"color: rgba(205, 43, 49, 0.91);\"><strong>mobradlogiciel.fr<\/strong><\/span><\/a> sont assujettis aux conditions \u00e9nonc\u00e9es dans les conditions g\u00e9n\u00e9rales d&rsquo;utilisation et tout utilisateur du site est r\u00e9put\u00e9 les avoir accept\u00e9es.<\/p>\t\t\t\t\t\t\t\t<\/div>\n\t\t\t\t<\/div>\n\t\t\t\t<div class=\"elementor-element elementor-element-b0a8aae elementor-widget elementor-widget-spacer\" data-id=\"b0a8aae\" data-element_type=\"widget\" data-e-type=\"widget\" data-widget_type=\"spacer.default\">\n\t\t\t\t<div class=\"elementor-widget-container\">\n\t\t\t\t\t\t\t<div class=\"elementor-spacer\">\n\t\t\t<div class=\"elementor-spacer-inner\"><\/div>\n\t\t<\/div>\n\t\t\t\t\t\t<\/div>\n\t\t\t\t<\/div>\n\t\t\t\t\t<\/div>\n\t\t\t\t<\/div>\n\t\t\t\t<\/div>\n\t\t","protected":false},"excerpt":{"rendered":"<p>Mentions l\u00e9gales Date : Septembre 2023 Site : www.mobradlogiciel.fr \u00c9diteur :Entreprise MOBRAD,Monsieur Mohamed KOUSSAEntrepreneur individuelAdresse : Domaine Vallat1480 Avenue Thiers, Bat C13320 Bouc-Bel-AirRCS Aix-en-Provence n\u00b0 977 742 329 Num\u00e9ro de t\u00e9l\u00e9phone : 06.27.18.08.26 Adresse de courrier \u00e9lectronique : contact@mobradlogiciel.fr Directeur de la publication : Monsieur Mohamed Koussa H\u00e9bergeur :OVH, 2 rue Kellermann, 59100 Roubaix, FranceNum\u00e9ro [&hellip;]<\/p>\n","protected":false},"author":1,"featured_media":0,"parent":0,"menu_order":0,"comment_status":"closed","ping_status":"closed","template":"","meta":{"om_disable_all_campaigns":false,"_uag_custom_page_level_css":"","_uf_show_specific_survey":0,"_uf_disable_surveys":false,"site-sidebar-layout":"no-sidebar","site-content-layout":"","ast-site-content-layout":"full-width-container","site-content-style":"default","site-sidebar-style":"default","ast-global-header-display":"","ast-banner-title-visibility":"","ast-main-header-display":"","ast-hfb-above-header-display":"","ast-hfb-below-header-display":"","ast-hfb-mobile-header-display":"","site-post-title":"disabled","ast-breadcrumbs-content":"","ast-featured-img":"disabled","footer-sml-layout":"","ast-disable-related-posts":"","theme-transparent-header-meta":"","adv-header-id-meta":"","stick-header-meta":"","header-above-stick-meta":"","header-main-stick-meta":"","header-below-stick-meta":"","astra-migrate-meta-layouts":"default","ast-page-background-enabled":"default","ast-page-background-meta":{"desktop":{"background-color":"var(--ast-global-color-4)","background-image":"","background-repeat":"repeat","background-position":"center center","background-size":"auto","background-attachment":"scroll","background-type":"","background-media":"","overlay-type":"","overlay-color":"","overlay-opacity":"","overlay-gradient":""},"tablet":{"background-color":"","background-image":"","background-repeat":"repeat","background-position":"center center","background-size":"auto","background-attachment":"scroll","background-type":"","background-media":"","overlay-type":"","overlay-color":"","overlay-opacity":"","overlay-gradient":""},"mobile":{"background-color":"","background-image":"","background-repeat":"repeat","background-position":"center center","background-size":"auto","background-attachment":"scroll","background-type":"","background-media":"","overlay-type":"","overlay-color":"","overlay-opacity":"","overlay-gradient":""}},"ast-content-background-meta":{"desktop":{"background-color":"var(--ast-global-color-5)","background-image":"","background-repeat":"repeat","background-position":"center center","background-size":"auto","background-attachment":"scroll","background-type":"","background-media":"","overlay-type":"","overlay-color":"","overlay-opacity":"","overlay-gradient":""},"tablet":{"background-color":"var(--ast-global-color-5)","background-image":"","background-repeat":"repeat","background-position":"center center","background-size":"auto","background-attachment":"scroll","background-type":"","background-media":"","overlay-type":"","overlay-color":"","overlay-opacity":"","overlay-gradient":""},"mobile":{"background-color":"var(--ast-global-color-5)","background-image":"","background-repeat":"repeat","background-position":"center center","background-size":"auto","background-attachment":"scroll","background-type":"","background-media":"","overlay-type":"","overlay-color":"","overlay-opacity":"","overlay-gradient":""}},"footnotes":""},"class_list":["post-2807","page","type-page","status-publish","hentry"],"yoast_head":"<!-- This site is optimized with the Yoast SEO plugin v27.4 - https:\/\/yoast.com\/product\/yoast-seo-wordpress\/ -->\n<title>Mentions l\u00e9gales - mobradlogiciel.fr<\/title>\n<meta name=\"robots\" content=\"index, follow, max-snippet:-1, max-image-preview:large, max-video-preview:-1\" \/>\n<link rel=\"canonical\" href=\"https:\/\/mobradlogiciel.fr\/index.php\/mentions-legales\/\" \/>\n<meta property=\"og:locale\" content=\"fr_FR\" \/>\n<meta property=\"og:type\" content=\"article\" \/>\n<meta property=\"og:title\" content=\"Mentions l\u00e9gales - mobradlogiciel.fr\" \/>\n<meta property=\"og:description\" content=\"Mentions l\u00e9gales Date : Septembre 2023 Site : www.mobradlogiciel.fr \u00c9diteur :Entreprise MOBRAD,Monsieur Mohamed KOUSSAEntrepreneur individuelAdresse : Domaine Vallat1480 Avenue Thiers, Bat C13320 Bouc-Bel-AirRCS Aix-en-Provence n\u00b0 977 742 329 Num\u00e9ro de t\u00e9l\u00e9phone : 06.27.18.08.26 Adresse de courrier \u00e9lectronique : contact@mobradlogiciel.fr Directeur de la publication : Monsieur Mohamed Koussa H\u00e9bergeur :OVH, 2 rue Kellermann, 59100 Roubaix, FranceNum\u00e9ro [&hellip;]\" \/>\n<meta property=\"og:url\" content=\"https:\/\/mobradlogiciel.fr\/index.php\/mentions-legales\/\" \/>\n<meta property=\"og:site_name\" content=\"mobradlogiciel.fr\" \/>\n<meta property=\"article:modified_time\" content=\"2023-09-15T10:12:10+00:00\" \/>\n<meta name=\"twitter:card\" content=\"summary_large_image\" \/>\n<meta name=\"twitter:label1\" content=\"Dur\u00e9e de lecture estim\u00e9e\" \/>\n\t<meta name=\"twitter:data1\" content=\"1 minute\" \/>\n<script type=\"application\/ld+json\" class=\"yoast-schema-graph\">{\"@context\":\"https:\\\/\\\/schema.org\",\"@graph\":[{\"@type\":\"WebPage\",\"@id\":\"https:\\\/\\\/mobradlogiciel.fr\\\/index.php\\\/mentions-legales\\\/\",\"url\":\"https:\\\/\\\/mobradlogiciel.fr\\\/index.php\\\/mentions-legales\\\/\",\"name\":\"Mentions l\u00e9gales - mobradlogiciel.fr\",\"isPartOf\":{\"@id\":\"https:\\\/\\\/mobradlogiciel.fr\\\/#website\"},\"datePublished\":\"2023-09-13T12:16:21+00:00\",\"dateModified\":\"2023-09-15T10:12:10+00:00\",\"breadcrumb\":{\"@id\":\"https:\\\/\\\/mobradlogiciel.fr\\\/index.php\\\/mentions-legales\\\/#breadcrumb\"},\"inLanguage\":\"fr-FR\",\"potentialAction\":[{\"@type\":\"ReadAction\",\"target\":[\"https:\\\/\\\/mobradlogiciel.fr\\\/index.php\\\/mentions-legales\\\/\"]}]},{\"@type\":\"BreadcrumbList\",\"@id\":\"https:\\\/\\\/mobradlogiciel.fr\\\/index.php\\\/mentions-legales\\\/#breadcrumb\",\"itemListElement\":[{\"@type\":\"ListItem\",\"position\":1,\"name\":\"Accueil\",\"item\":\"https:\\\/\\\/mobradlogiciel.fr\\\/\"},{\"@type\":\"ListItem\",\"position\":2,\"name\":\"Mentions l\u00e9gales\"}]},{\"@type\":\"WebSite\",\"@id\":\"https:\\\/\\\/mobradlogiciel.fr\\\/#website\",\"url\":\"https:\\\/\\\/mobradlogiciel.fr\\\/\",\"name\":\"mobradlogiciel.fr\",\"description\":\"Le choix du meilleur pro!\",\"publisher\":{\"@id\":\"https:\\\/\\\/mobradlogiciel.fr\\\/#organization\"},\"potentialAction\":[{\"@type\":\"SearchAction\",\"target\":{\"@type\":\"EntryPoint\",\"urlTemplate\":\"https:\\\/\\\/mobradlogiciel.fr\\\/?s={search_term_string}\"},\"query-input\":{\"@type\":\"PropertyValueSpecification\",\"valueRequired\":true,\"valueName\":\"search_term_string\"}}],\"inLanguage\":\"fr-FR\"},{\"@type\":\"Organization\",\"@id\":\"https:\\\/\\\/mobradlogiciel.fr\\\/#organization\",\"name\":\"mobradlogiciel.fr\",\"url\":\"https:\\\/\\\/mobradlogiciel.fr\\\/\",\"logo\":{\"@type\":\"ImageObject\",\"inLanguage\":\"fr-FR\",\"@id\":\"https:\\\/\\\/mobradlogiciel.fr\\\/#\\\/schema\\\/logo\\\/image\\\/\",\"url\":\"https:\\\/\\\/mobradlogiciel.fr\\\/wp-content\\\/uploads\\\/2023\\\/08\\\/LOGO-removebg-preview-e1693415471456.png\",\"contentUrl\":\"https:\\\/\\\/mobradlogiciel.fr\\\/wp-content\\\/uploads\\\/2023\\\/08\\\/LOGO-removebg-preview-e1693415471456.png\",\"width\":190,\"height\":220,\"caption\":\"mobradlogiciel.fr\"},\"image\":{\"@id\":\"https:\\\/\\\/mobradlogiciel.fr\\\/#\\\/schema\\\/logo\\\/image\\\/\"}}]}<\/script>\n<!-- \/ Yoast SEO plugin. -->","yoast_head_json":{"title":"Mentions l\u00e9gales - mobradlogiciel.fr","robots":{"index":"index","follow":"follow","max-snippet":"max-snippet:-1","max-image-preview":"max-image-preview:large","max-video-preview":"max-video-preview:-1"},"canonical":"https:\/\/mobradlogiciel.fr\/index.php\/mentions-legales\/","og_locale":"fr_FR","og_type":"article","og_title":"Mentions l\u00e9gales - mobradlogiciel.fr","og_description":"Mentions l\u00e9gales Date : Septembre 2023 Site : www.mobradlogiciel.fr \u00c9diteur :Entreprise MOBRAD,Monsieur Mohamed KOUSSAEntrepreneur individuelAdresse : Domaine Vallat1480 Avenue Thiers, Bat C13320 Bouc-Bel-AirRCS Aix-en-Provence n\u00b0 977 742 329 Num\u00e9ro de t\u00e9l\u00e9phone : 06.27.18.08.26 Adresse de courrier \u00e9lectronique : contact@mobradlogiciel.fr Directeur de la publication : Monsieur Mohamed Koussa H\u00e9bergeur :OVH, 2 rue Kellermann, 59100 Roubaix, FranceNum\u00e9ro [&hellip;]","og_url":"https:\/\/mobradlogiciel.fr\/index.php\/mentions-legales\/","og_site_name":"mobradlogiciel.fr","article_modified_time":"2023-09-15T10:12:10+00:00","twitter_card":"summary_large_image","twitter_misc":{"Dur\u00e9e de lecture estim\u00e9e":"1 minute"},"schema":{"@context":"https:\/\/schema.org","@graph":[{"@type":"WebPage","@id":"https:\/\/mobradlogiciel.fr\/index.php\/mentions-legales\/","url":"https:\/\/mobradlogiciel.fr\/index.php\/mentions-legales\/","name":"Mentions l\u00e9gales - mobradlogiciel.fr","isPartOf":{"@id":"https:\/\/mobradlogiciel.fr\/#website"},"datePublished":"2023-09-13T12:16:21+00:00","dateModified":"2023-09-15T10:12:10+00:00","breadcrumb":{"@id":"https:\/\/mobradlogiciel.fr\/index.php\/mentions-legales\/#breadcrumb"},"inLanguage":"fr-FR","potentialAction":[{"@type":"ReadAction","target":["https:\/\/mobradlogiciel.fr\/index.php\/mentions-legales\/"]}]},{"@type":"BreadcrumbList","@id":"https:\/\/mobradlogiciel.fr\/index.php\/mentions-legales\/#breadcrumb","itemListElement":[{"@type":"ListItem","position":1,"name":"Accueil","item":"https:\/\/mobradlogiciel.fr\/"},{"@type":"ListItem","position":2,"name":"Mentions l\u00e9gales"}]},{"@type":"WebSite","@id":"https:\/\/mobradlogiciel.fr\/#website","url":"https:\/\/mobradlogiciel.fr\/","name":"mobradlogiciel.fr","description":"Le choix du meilleur pro!","publisher":{"@id":"https:\/\/mobradlogiciel.fr\/#organization"},"potentialAction":[{"@type":"SearchAction","target":{"@type":"EntryPoint","urlTemplate":"https:\/\/mobradlogiciel.fr\/?s={search_term_string}"},"query-input":{"@type":"PropertyValueSpecification","valueRequired":true,"valueName":"search_term_string"}}],"inLanguage":"fr-FR"},{"@type":"Organization","@id":"https:\/\/mobradlogiciel.fr\/#organization","name":"mobradlogiciel.fr","url":"https:\/\/mobradlogiciel.fr\/","logo":{"@type":"ImageObject","inLanguage":"fr-FR","@id":"https:\/\/mobradlogiciel.fr\/#\/schema\/logo\/image\/","url":"https:\/\/mobradlogiciel.fr\/wp-content\/uploads\/2023\/08\/LOGO-removebg-preview-e1693415471456.png","contentUrl":"https:\/\/mobradlogiciel.fr\/wp-content\/uploads\/2023\/08\/LOGO-removebg-preview-e1693415471456.png","width":190,"height":220,"caption":"mobradlogiciel.fr"},"image":{"@id":"https:\/\/mobradlogiciel.fr\/#\/schema\/logo\/image\/"}}]}},"uagb_featured_image_src":{"full":false,"thumbnail":false,"medium":false,"medium_large":false,"large":false,"1536x1536":false,"2048x2048":false},"uagb_author_info":{"display_name":"Mkou","author_link":"https:\/\/mobradlogiciel.fr\/index.php\/author\/mkou\/"},"uagb_comment_info":0,"uagb_excerpt":"Mentions l\u00e9gales Date : Septembre 2023 Site : www.mobradlogiciel.fr \u00c9diteur :Entreprise MOBRAD,Monsieur Mohamed KOUSSAEntrepreneur individuelAdresse : Domaine Vallat1480 Avenue Thiers, Bat C13320 Bouc-Bel-AirRCS Aix-en-Provence n\u00b0 977 742 329 Num\u00e9ro de t\u00e9l\u00e9phone : 06.27.18.08.26 Adresse de courrier \u00e9lectronique : contact@mobradlogiciel.fr Directeur de la publication : Monsieur Mohamed Koussa H\u00e9bergeur :OVH, 2 rue Kellermann, 59100 Roubaix, FranceNum\u00e9ro\u2026","_links":{"self":[{"href":"https:\/\/mobradlogiciel.fr\/index.php\/wp-json\/wp\/v2\/pages\/2807","targetHints":{"allow":["GET"]}}],"collection":[{"href":"https:\/\/mobradlogiciel.fr\/index.php\/wp-json\/wp\/v2\/pages"}],"about":[{"href":"https:\/\/mobradlogiciel.fr\/index.php\/wp-json\/wp\/v2\/types\/page"}],"author":[{"embeddable":true,"href":"https:\/\/mobradlogiciel.fr\/index.php\/wp-json\/wp\/v2\/users\/1"}],"replies":[{"embeddable":true,"href":"https:\/\/mobradlogiciel.fr\/index.php\/wp-json\/wp\/v2\/comments?post=2807"}],"version-history":[{"count":22,"href":"https:\/\/mobradlogiciel.fr\/index.php\/wp-json\/wp\/v2\/pages\/2807\/revisions"}],"predecessor-version":[{"id":2957,"href":"https:\/\/mobradlogiciel.fr\/index.php\/wp-json\/wp\/v2\/pages\/2807\/revisions\/2957"}],"wp:attachment":[{"href":"https:\/\/mobradlogiciel.fr\/index.php\/wp-json\/wp\/v2\/media?parent=2807"}],"curies":[{"name":"wp","href":"https:\/\/api.w.org\/{rel}","templated":true}]}}